{"id":647,"date":"2016-11-01T04:54:15","date_gmt":"2016-11-01T04:54:15","guid":{"rendered":"http:\/\/104.198.234.110\/?page_id=647"},"modified":"2016-11-01T06:25:31","modified_gmt":"2016-11-01T06:25:31","slug":"ornaments","status":"publish","type":"page","link":"https:\/\/www.comediassueltasusa.org\/es\/ornaments\/","title":{"rendered":"Ornamentos y xilograf\u00edas"},"content":{"rendered":"<p style=\"text-align: justify;\">Pr\u00f3ximamente, a trav\u00e9s de esta p\u00e1gina se podr\u00e1 acceder a un \u00edndice de ornamentos tipogr\u00e1ficos y xilograf\u00edas presentes en las comedias sueltas incluidas en la base de datos. Se podr\u00e1n explorar por categor\u00edas y funciones, y el registro de cada ornamento tendr\u00e1 enlaces a las sueltas en las que aparecen y a los impresores relacionados. El objetivo de este \u00edndice ser\u00e1 el de proporcionar un medio para estudiar con precisi\u00f3n las pr\u00e1cticas tipogr\u00e1ficas y de dise\u00f1o de impresores espec\u00edficos y las tendencias generales en ese sentido a lo largo del tiempo. Se espera tambi\u00e9n que sirva de herramienta \u2014basada en rasgos tipogr\u00e1ficos f\u00e1cilmente reconocibles\u2014 para establecer relaciones entre sueltas que carecen de pie de imprenta, con la meta de identificar impresores an\u00f3nimos o de asignar fechas de publicaci\u00f3n aproximadas.<\/p>\n<p style=\"text-align: justify;\">Los ejemplos de ornamentos aqu\u00ed son una muestra de los que aparecen en comedias de Pedro Calder\u00f3n de la Barca en la colecci\u00f3n de sueltas en la biblioteca de la Hispanic Society of America, cuyos registros pronto se a\u00f1adir\u00e1n a la base de datos.<\/p>\n<p class=\"jetpack-slideshow-noscript robots-nocontent\">This slideshow requires JavaScript.<\/p><div id=\"gallery-647-2-slideshow\" class=\"jetpack-slideshow-window jetpack-slideshow jetpack-slideshow-black\" data-trans=\"fade\" data-autostart=\"1\" data-gallery=\"[{&quot;src&quot;:&quot;https:\\\/\\\/www.comediassueltasusa.org\\\/wp-content\\\/uploads\\\/HSA_Cald_AMari_Auto_PQ6282.A1_A263_1717_b_5-1.jpg&quot;,&quot;id&quot;:&quot;673&quot;,&quot;title&quot;:&quot;hsa_cald_amari_auto_pq6282-a1_a263_1717_b_5&quot;,&quot;alt&quot;:&quot;&quot;,&quot;caption&quot;:&quot;&quot;,&quot;itemprop&quot;:&quot;image&quot;},{&quot;src&quot;:&quot;https:\\\/\\\/www.comediassueltasusa.org\\\/wp-content\\\/uploads\\\/HSA_Cald_Alcay_PQ6282.A1_A433_1764_a_2.jpg&quot;,&quot;id&quot;:&quot;672&quot;,&quot;title&quot;:&quot;hsa_cald_alcay_pq6282-a1_a433_1764_a_2&quot;,&quot;alt&quot;:&quot;&quot;,&quot;caption&quot;:&quot;&quot;,&quot;itemprop&quot;:&quot;image&quot;},{&quot;src&quot;:&quot;https:\\\/\\\/www.comediassueltasusa.org\\\/wp-content\\\/uploads\\\/HSA_Cald_Alcay_PQ6282.A1_A433_1764_a_1-1.jpg&quot;,&quot;id&quot;:&quot;671&quot;,&quot;title&quot;:&quot;hsa_cald_alcay_pq6282-a1_a433_1764_a_1&quot;,&quot;alt&quot;:&quot;&quot;,&quot;caption&quot;:&quot;&quot;,&quot;itemprop&quot;:&quot;image&quot;},{&quot;src&quot;:&quot;https:\\\/\\\/www.comediassueltasusa.org\\\/wp-content\\\/uploads\\\/HSA_Cald_Apol_PQ6282.A1_A665_s.a._a_1-1.jpg&quot;,&quot;id&quot;:&quot;678&quot;,&quot;title&quot;:&quot;hsa_cald_apol_pq6282-a1_a665_s-a-_a_1&quot;,&quot;alt&quot;:&quot;&quot;,&quot;caption&quot;:&quot;&quot;,&quot;itemprop&quot;:&quot;image&quot;},{&quot;src&quot;:&quot;https:\\\/\\\/www.comediassueltasusa.org\\\/wp-content\\\/uploads\\\/HSA_Cald_Gust_PQ6282.A1_G878_17-a_a_1-1.jpg&quot;,&quot;id&quot;:&quot;694&quot;,&quot;title&quot;:&quot;hsa_cald_gust_pq6282-a1_g878_17-a_a_1&quot;,&quot;alt&quot;:&quot;&quot;,&quot;caption&quot;:&quot;&quot;,&quot;itemprop&quot;:&quot;image&quot;},{&quot;src&quot;:&quot;https:\\\/\\\/www.comediassueltasusa.org\\\/wp-content\\\/uploads\\\/HSA_Cald_AMari_Loa_PQ6282.A1_A263_1717_b_4-1.jpg&quot;,&quot;id&quot;:&quot;674&quot;,&quot;title&quot;:&quot;hsa_cald_amari_loa_pq6282-a1_a263_1717_b_4&quot;,&quot;alt&quot;:&quot;&quot;,&quot;caption&quot;:&quot;&quot;,&quot;itemprop&quot;:&quot;image&quot;},{&quot;src&quot;:&quot;https:\\\/\\\/www.comediassueltasusa.org\\\/wp-content\\\/uploads\\\/HSA_Cald_Cada_PQ6282.A1_C334_s.a.b_a_1.jpg&quot;,&quot;id&quot;:&quot;679&quot;,&quot;title&quot;:&quot;hsa_cald_cada_pq6282-a1_c334_s-a-b_a_1&quot;,&quot;alt&quot;:&quot;&quot;,&quot;caption&quot;:&quot;&quot;,&quot;itemprop&quot;:&quot;image&quot;},{&quot;src&quot;:&quot;https:\\\/\\\/www.comediassueltasusa.org\\\/wp-content\\\/uploads\\\/HSA_Cald_AMari_Loa_PQ6282.A1_A263_1717_b_2.jpg&quot;,&quot;id&quot;:&quot;675&quot;,&quot;title&quot;:&quot;hsa_cald_amari_loa_pq6282-a1_a263_1717_b_2&quot;,&quot;alt&quot;:&quot;&quot;,&quot;caption&quot;:&quot;&quot;,&quot;itemprop&quot;:&quot;image&quot;},{&quot;src&quot;:&quot;https:\\\/\\\/www.comediassueltasusa.org\\\/wp-content\\\/uploads\\\/HSA_Cald_AMari_Loa_PQ6282.A1_A263_1717_b_5-1.jpg&quot;,&quot;id&quot;:&quot;677&quot;,&quot;title&quot;:&quot;hsa_cald_amari_loa_pq6282-a1_a263_1717_b_5&quot;,&quot;alt&quot;:&quot;&quot;,&quot;caption&quot;:&quot;&quot;,&quot;itemprop&quot;:&quot;image&quot;},{&quot;src&quot;:&quot;https:\\\/\\\/www.comediassueltasusa.org\\\/wp-content\\\/uploads\\\/HSA_Cald_ASec_PQ6282.A1_A274_17-_b_4-1.jpg&quot;,&quot;id&quot;:&quot;680&quot;,&quot;title&quot;:&quot;hsa_cald_asec_pq6282-a1_a274_17-_b_4&quot;,&quot;alt&quot;:&quot;&quot;,&quot;caption&quot;:&quot;&quot;,&quot;itemprop&quot;:&quot;image&quot;},{&quot;src&quot;:&quot;https:\\\/\\\/www.comediassueltasusa.org\\\/wp-content\\\/uploads\\\/HSA_Cald_Rede_PQ6282.A1_A434_1717_a_3.jpg&quot;,&quot;id&quot;:&quot;692&quot;,&quot;title&quot;:&quot;hsa_cald_rede_pq6282-a1_a434_1717_a_3&quot;,&quot;alt&quot;:&quot;&quot;,&quot;caption&quot;:&quot;&quot;,&quot;itemprop&quot;:&quot;image&quot;},{&quot;src&quot;:&quot;https:\\\/\\\/www.comediassueltasusa.org\\\/wp-content\\\/uploads\\\/HSA_Cald_Cefa_PQ6282.A1_C433_1760_a_4.jpg&quot;,&quot;id&quot;:&quot;681&quot;,&quot;title&quot;:&quot;hsa_cald_cefa_pq6282-a1_c433_1760_a_4&quot;,&quot;alt&quot;:&quot;&quot;,&quot;caption&quot;:&quot;&quot;,&quot;itemprop&quot;:&quot;image&quot;},{&quot;src&quot;:&quot;https:\\\/\\\/www.comediassueltasusa.org\\\/wp-content\\\/uploads\\\/HSA_Cald_DeUn_PQ6282_D278a_a_2-1.jpg&quot;,&quot;id&quot;:&quot;682&quot;,&quot;title&quot;:&quot;hsa_cald_deun_pq6282_d278a_a_2&quot;,&quot;alt&quot;:&quot;&quot;,&quot;caption&quot;:&quot;&quot;,&quot;itemprop&quot;:&quot;image&quot;},{&quot;src&quot;:&quot;https:\\\/\\\/www.comediassueltasusa.org\\\/wp-content\\\/uploads\\\/HSA_Cald_Llam_Auto_PQ6282.A1_L536_1717b_b_1.jpg&quot;,&quot;id&quot;:&quot;683&quot;,&quot;title&quot;:&quot;hsa_cald_llam_auto_pq6282-a1_l536_1717b_b_1&quot;,&quot;alt&quot;:&quot;&quot;,&quot;caption&quot;:&quot;&quot;,&quot;itemprop&quot;:&quot;image&quot;},{&quot;src&quot;:&quot;https:\\\/\\\/www.comediassueltasusa.org\\\/wp-content\\\/uploads\\\/HSA_Cald_Peor_Res_PQ6281_A2_1652_v2n2_b_1.jpg&quot;,&quot;id&quot;:&quot;684&quot;,&quot;title&quot;:&quot;hsa_cald_peor_res_pq6281_a2_1652_v2n2_b_1&quot;,&quot;alt&quot;:&quot;&quot;,&quot;caption&quot;:&quot;&quot;,&quot;itemprop&quot;:&quot;image&quot;},{&quot;src&quot;:&quot;https:\\\/\\\/www.comediassueltasusa.org\\\/wp-content\\\/uploads\\\/HSA_Cald_Amor_PQ6282.A1_A467_17-a_1-1.jpg&quot;,&quot;id&quot;:&quot;685&quot;,&quot;title&quot;:&quot;hsa_cald_amor_pq6282-a1_a467_17-a_1&quot;,&quot;alt&quot;:&quot;&quot;,&quot;caption&quot;:&quot;&quot;,&quot;itemprop&quot;:&quot;image&quot;},{&quot;src&quot;:&quot;https:\\\/\\\/www.comediassueltasusa.org\\\/wp-content\\\/uploads\\\/HSA_Cald_Amor_PQ6282.A1_A467_s.a._c2_a_1.jpg&quot;,&quot;id&quot;:&quot;687&quot;,&quot;title&quot;:&quot;hsa_cald_amor_pq6282-a1_a467_s-a-_c2_a_1&quot;,&quot;alt&quot;:&quot;&quot;,&quot;caption&quot;:&quot;&quot;,&quot;itemprop&quot;:&quot;image&quot;},{&quot;src&quot;:&quot;https:\\\/\\\/www.comediassueltasusa.org\\\/wp-content\\\/uploads\\\/HSA_Cald_Esca_PQ6282.A1_E833_s.a._a_1.jpg&quot;,&quot;id&quot;:&quot;688&quot;,&quot;title&quot;:&quot;hsa_cald_esca_pq6282-a1_e833_s-a-_a_1&quot;,&quot;alt&quot;:&quot;&quot;,&quot;caption&quot;:&quot;&quot;,&quot;itemprop&quot;:&quot;image&quot;},{&quot;src&quot;:&quot;https:\\\/\\\/www.comediassueltasusa.org\\\/wp-content\\\/uploads\\\/HSA_Cald_Fine_PQ6282.A1_F564_s.a._b_3-1.jpg&quot;,&quot;id&quot;:&quot;689&quot;,&quot;title&quot;:&quot;hsa_cald_fine_pq6282-a1_f564_s-a-_b_3&quot;,&quot;alt&quot;:&quot;&quot;,&quot;caption&quot;:&quot;&quot;,&quot;itemprop&quot;:&quot;image&quot;},{&quot;src&quot;:&quot;https:\\\/\\\/www.comediassueltasusa.org\\\/wp-content\\\/uploads\\\/HSA_Cald_Llam_Loa_PQ6282.A1_L536_1717a_a_1-1.jpg&quot;,&quot;id&quot;:&quot;690&quot;,&quot;title&quot;:&quot;hsa_cald_llam_loa_pq6282-a1_l536_1717a_a_1&quot;,&quot;alt&quot;:&quot;&quot;,&quot;caption&quot;:&quot;&quot;,&quot;itemprop&quot;:&quot;image&quot;},{&quot;src&quot;:&quot;https:\\\/\\\/www.comediassueltasusa.org\\\/wp-content\\\/uploads\\\/HSA_Cald_Prim_PQ6282.A1_P756_s.a.b_a_1.jpg&quot;,&quot;id&quot;:&quot;691&quot;,&quot;title&quot;:&quot;hsa_cald_prim_pq6282-a1_p756_s-a-b_a_1&quot;,&quot;alt&quot;:&quot;&quot;,&quot;caption&quot;:&quot;&quot;,&quot;itemprop&quot;:&quot;image&quot;},{&quot;src&quot;:&quot;https:\\\/\\\/www.comediassueltasusa.org\\\/wp-content\\\/uploads\\\/HSA_Cald_Vida_PQ6282.A1_V533_1726_a-1_4-1.jpg&quot;,&quot;id&quot;:&quot;693&quot;,&quot;title&quot;:&quot;hsa_cald_vida_pq6282-a1_v533_1726_a-1_4&quot;,&quot;alt&quot;:&quot;&quot;,&quot;caption&quot;:&quot;&quot;,&quot;itemprop&quot;:&quot;image&quot;}]\" itemscope itemtype=\"https:\/\/schema.org\/ImageGallery\"><\/div>","protected":false},"excerpt":{"rendered":"<p>Pr\u00f3ximamente, a trav\u00e9s de esta p\u00e1gina se podr\u00e1 acceder a un \u00edndice de ornamentos tipogr\u00e1ficos y xilograf\u00edas presentes en las comedias sueltas incluidas en la base de datos. Se podr\u00e1n explorar por categor\u00edas y funciones, y el registro de cada ornamento tendr\u00e1 enlaces a las sueltas en las que aparecen y a los impresores relacionados. &hellip; <a href=\"https:\/\/www.comediassueltasusa.org\/es\/ornaments\/\" class=\"more-link\">Continue reading <span class=\"screen-reader-text\">Ornamentos y xilograf\u00edas<\/span><\/a><\/p>\n","protected":false},"author":1,"featured_media":0,"parent":0,"menu_order":3,"comment_status":"closed","ping_status":"closed","template":"","meta":{"_acf_changed":false,"footnotes":""},"class_list":["post-647","page","type-page","status-publish","hentry"],"acf":[],"jetpack_shortlink":"https:\/\/wp.me\/P6RdQj-ar","jetpack_sharing_enabled":true,"_links":{"self":[{"href":"https:\/\/www.comediassueltasusa.org\/es\/wp-json\/wp\/v2\/pages\/647","targetHints":{"allow":["GET"]}}],"collection":[{"href":"https:\/\/www.comediassueltasusa.org\/es\/wp-json\/wp\/v2\/pages"}],"about":[{"href":"https:\/\/www.comediassueltasusa.org\/es\/wp-json\/wp\/v2\/types\/page"}],"author":[{"embeddable":true,"href":"https:\/\/www.comediassueltasusa.org\/es\/wp-json\/wp\/v2\/users\/1"}],"replies":[{"embeddable":true,"href":"https:\/\/www.comediassueltasusa.org\/es\/wp-json\/wp\/v2\/comments?post=647"}],"version-history":[{"count":15,"href":"https:\/\/www.comediassueltasusa.org\/es\/wp-json\/wp\/v2\/pages\/647\/revisions"}],"predecessor-version":[{"id":1164,"href":"https:\/\/www.comediassueltasusa.org\/es\/wp-json\/wp\/v2\/pages\/647\/revisions\/1164"}],"wp:attachment":[{"href":"https:\/\/www.comediassueltasusa.org\/es\/wp-json\/wp\/v2\/media?parent=647"}],"curies":[{"name":"wp","href":"https:\/\/api.w.org\/{rel}","templated":true}]}}