{"id":539,"date":"2016-09-26T21:35:09","date_gmt":"2016-09-26T21:35:09","guid":{"rendered":"http:\/\/pnf.whirl-i-gig.com\/?page_id=539"},"modified":"2024-06-01T20:45:35","modified_gmt":"2024-06-01T20:45:35","slug":"contributors-and-team","status":"publish","type":"page","link":"https:\/\/www.comediassueltasusa.org\/es\/contributors-and-team\/","title":{"rendered":"Contribuidores y equipo"},"content":{"rendered":"<div class=\"contributors\">\n<p>(Haga clic en los nombres para ver sus datos profesionales.)<\/p>\n<h3>Directora<\/h3>\n<span class=\"collapseomatic \" id=\"id8666\"  tabindex=\"0\" title=\"Szilvia Szmuk-Tanenbaum\">Szilvia Szmuk-Tanenbaum<\/span><div id=\"target-id8666\" class=\"collapseomatic_content \">\n<p>Szilvia Szmuk-Tanenbaum, creadora y directora de<em> Comedias Sueltas USA<\/em>, obtuvo su doctorado en Literatura Espa\u00f1ola del Graduate Center, City University of New York. Ha trabajado durante la mayor parte de su vida como bibliotecaria de libros raros. Sus intereses son bibli\u00f3filos y sus publicaciones versan principalmente sobre la descripci\u00f3n bibliogr\u00e1fica de obras de teatro del Siglo de Oro. Las dificultades a la hora de localizar las numerosas comedias sueltas en bibliotecas norteamericanas, para estudiarlas como corpus, la han\u00a0 llevado a crear este sitio web. Es miembro activo del Grolier Club y de la Association Internationale de Bibliophilie.<\/p>\n<\/div>\n<h3>Contribuidores y colaboradores<\/h3>\n<span class=\"collapseomatic \" id=\"id1959\"  tabindex=\"0\" title=\"Don W. Cruickshank\">Don W. Cruickshank<\/span><div id=\"target-id1959\" class=\"collapseomatic_content \">\n<p>Don Cruickshank naci\u00f3 en Fettercairn, Kincardineshire, en 1942 y se cri\u00f3 en Aberdeen en cuya universidad curs\u00f3 clases de filolog\u00eda espa\u00f1ola con Terence May y Peter Dunn. Desde Aberdeen se traslad\u00f3 a Cambridge (Emmanuel College) para hacer un doctorado sobre Calder\u00f3n bajo la direcci\u00f3n de Edward Wilson. En 1968, fue elegido para una beca de investigaci\u00f3n en Emmanuel College, permaneciendo en esa instituci\u00f3n hasta que obtuvo un lectureship en la University College de Dubl\u00edn donde con el tiempo lleg\u00f3 a ser nombrado Professor of Spanish. Se jubil\u00f3 en 2007. Sus publicaciones incluyen una colecci\u00f3n facs\u00edmil de ediciones tempranas de Calder\u00f3n (1973, con J.E. Varey, 19 vol\u00famenes), un estudio de las obras del teatro cl\u00e1sico espa\u00f1ol en la colecci\u00f3n de Samuel Pepys (<em>Samuel Pepys\u2019s Spanish Plays<\/em>, 1980, con E. M. Wilson), una biograf\u00eda de Calder\u00f3n (<em>Don Pedro Calder\u00f3n<\/em>, 2009) as\u00ed como numerosos art\u00edculos sobre el teatro cl\u00e1sico espa\u00f1ol, la industria editorial y la tipograf\u00eda en Espa\u00f1a. Es miembro del grupo de investigaci\u00f3n Calder\u00f3n de la Barca de la Universidad de Santiago de Compostela y miembro de la Royal Irish Academy.<\/p>\n<\/div>\n<span class=\"collapseomatic \" id=\"id9142\"  tabindex=\"0\" title=\"Pilar Egoscoz\u00e1bal Carrasco\">Pilar Egoscoz\u00e1bal Carrasco<\/span><div id=\"target-id9142\" class=\"collapseomatic_content \">\n<p>Pilar Egoscoz\u00e1bal Carrasco es licenciada en Filolog\u00eda Hisp\u00e1nica por la Universidad Complutense de Madrid y Diplomada en Estudios Avanzados por la misma Universidad. Miembro del Cuerpo Facultativo de Archiveros, Bibliotecarios y Arque\u00f3logos, ha trabajado en la Biblioteca Nacional de Espa\u00f1a entre 2001 y 2019, donde ha desempe\u00f1ado los cargos de Jefa de Secci\u00f3n del Siglo de Oro y Jefa de Servicio de Reserva Impresa. Actualmente es la directora de la Biblioteca de la Real Academia Espa\u00f1ola.<\/p>\n<\/div>\n<span class=\"collapseomatic \" id=\"id6184\"  tabindex=\"0\" title=\"C. George Peale\">C. George Peale<\/span><div id=\"target-id6184\" class=\"collapseomatic_content \">\n<p>C. George Peale es Doctor en Filosof\u00eda y Letras por la Universidad de California, Irvine. Curs\u00f3 la licenciatura en la Universidad del Sur de California, donde se gradu\u00f3 con honores en Espa\u00f1ol y en Composici\u00f3n y Teor\u00eda de la M\u00fasica. Tiene dos grados de M\u00e1ster, en Literatura Espa\u00f1ola por la Universidad de Iowa, y en Administraci\u00f3n Educativa por la Universidad de Pepperdine. Actualmente es profesor em\u00e9rito de la Universidad Estatal de California, Fullerton, donde ense\u00f1\u00f3 de 1989 a 2012. Reside ahora en Valladolid. Es el autor de numerosos libros y art\u00edculos sobre temas relevantes al Renacimiento y Barroco espa\u00f1ol, entre ellos 50 ediciones cr\u00edticas de obras de Luis V\u00e9lez de Guevara (con muchas m\u00e1s en preparaci\u00f3n), ediciones del humanista Fern\u00e1n P\u00e9rez de Oliva y de Gaspar Aguilar y estudios monogr\u00e1ficos sobre novela, teatro y poes\u00eda. Actualmente est\u00e1 desarrollando una historia materialista del teatro cortesano bajo Felipe IV, derivada de sus trabajos en los archivos de Simancas y de Palacio, en Madrid. Es miembro correspondiente de la Real Academia de C\u00f3rdoba y de la Academia Norteamericana de la Lengua Espa\u00f1ola. Tambi\u00e9n es Socio Honorario de la Sociedad Hisp\u00e1nica de Am\u00e9rica.<\/p>\n<\/div>\n<span class=\"collapseomatic \" id=\"id1588\"  tabindex=\"0\" title=\"Alejandra Ulla Lorenzo\">Alejandra Ulla Lorenzo<\/span><div id=\"target-id1588\" class=\"collapseomatic_content \">\n<p>Alejandra Ulla Lorenzo se doctor\u00f3 en Literatura Espa\u00f1ola por la Universidad de Santiago de Compostela en 2011. Entre 2011 y 2014, form\u00f3 parte del Iberian Book Project subvencionado por la Fundaci\u00f3n Andrew Mellon y dirigido por Alexander Wilkinson de la University College de Dubl\u00edn, donde trabaj\u00f3 como becaria de postgrado. Actualmente, su investigaci\u00f3n abarca el teatro del Siglo de Oro y el comercio de libros en Espa\u00f1a. Ha publicado recientemente una edici\u00f3n de <em>El mayor encanto, amor<\/em>, de Calder\u00f3n (Madrid: Iberoamericana \/ Frankfurt: Vervuert, 2013), y es coeditora con Alexander Wilkinson de <em>Iberian Books,<\/em> <em>Libros Ib\u00e9ricos: Books Published on the Iberian Peninsula or in the New World between 1601 and 1650<\/em> (Brill, 2015) en dos vol\u00famenes.<\/p>\n<\/div>\n<h3>Equipo<\/h3>\n<span class=\"collapseomatic \" id=\"id8675\"  tabindex=\"0\" title=\"Michael Agnew\">Michael Agnew<\/span><div id=\"target-id8675\" class=\"collapseomatic_content \">\n<p>Michael Agnew se doctor\u00f3 en el Departamento de Lenguas Romances de la Universidad de Pensilvania (Filadelfia). Actualmente estudia en el programa de Biblioteconom\u00eda en la Palmer School of Library and Information Science de la Universidad de Long Island (Nueva York) con una especializaci\u00f3n en libros raros, al mismo tiempo que completa un masters en Historia del Arte en el Institute of Fine Arts de la Universidad de Nueva York (NYU).<\/p>\n<\/div>\n<span class=\"collapseomatic \" id=\"id9058\"  tabindex=\"0\" title=\"Ronna Feit\">Ronna Feit<\/span><div id=\"target-id9058\" class=\"collapseomatic_content \">\n<p>Ronna Feit obtuvo su doctorado de la Universidad de Virginia con una tesis sobre la comedia <em>Viuda, casada y doncella<\/em> de Lope de Vega, bajo la direcci\u00f3n de Donald McGrady. Actualmente es profesora en la State University of New York\u2013Nassau Community College y estudia en el programa de Biblioteconom\u00eda en la Palmer School of Library and Information Science de la Universidad de Long Island (Nueva York).<\/p>\n<\/div>\n<span class=\"collapseomatic \" id=\"id1797\"  tabindex=\"0\" title=\"Virginia Leal Calatayud\">Virginia Leal Calatayud<\/span><div id=\"target-id1797\" class=\"collapseomatic_content \">\n<p>Virginia Leal Calatayud es licenciada en Filolog\u00eda Cl\u00e1sica por la Universidad de Salamanca y tiene un m\u00e1ster en Gesti\u00f3n de la Documentaci\u00f3n, Bibliotecas y Archivos, en la especialidad de Patrimonio Bibliogr\u00e1fico, por la Universidad Complutense de Madrid. Ha trabajado en la Biblioteca Nacional de Espa\u00f1a y el Cat\u00e1logo Colectivo del Patrimonio Bibliogr\u00e1fico. Es miembro del Cuerpo de Ayudantes de Archivos, Bibliotecas y Museos y actualmente es la encargada de la Biblioteca Especializada del Archivo Hist\u00f3rico de la Nobleza, en Toledo.<\/p>\n<\/div>\n<span class=\"collapseomatic \" id=\"id2965\"  tabindex=\"0\" title=\"Javier Milligan\">Javier Milligan<\/span><div id=\"target-id2965\" class=\"collapseomatic_content \">\n<p>Javier Milligan se recibi\u00f3 como Master of Library Science (MLS) en Queens College, City University of New York, y tiene a\u00f1os de experiencia como bibliotecario y consultor. Actualmente se encuentra enfocado en el campo de los libros raros y manuscritos. Est\u00e1 a punto de recibir el\u00a0Graduate Certificate in Archives and the Preservation of Cultural Materials, tambi\u00e9n de Queens College.<\/p>\n<\/div>\n<span class=\"collapseomatic \" id=\"id8120\"  tabindex=\"0\" title=\"Matthew J. Murphy\">Matthew J. Murphy<\/span><div id=\"target-id8120\" class=\"collapseomatic_content \">\n<p>Matthew J. Murphy ha trabajado en la New York Public Library y en la New-York Historical Society. Obtuvo su maestr\u00eda en Biblioteconom\u00eda y Ciencias de la Informaci\u00f3n en 2008 en la Palmer School of Library and Information Science de la Universidad de Long Island, donde tambi\u00e9n realiz\u00f3 cursos sobre archivos y gesti\u00f3n de registros. Estudi\u00f3 tambi\u00e9n en la Rare Book School de la Universidad de Virginia, especializ\u00e1ndose en la catalogaci\u00f3n y descripci\u00f3n de colecciones.<\/p>\n<\/div>\n<span class=\"collapseomatic \" id=\"id7214\"  tabindex=\"0\" title=\"Alexa Porrata\">Alexa Porrata<\/span><div id=\"target-id7214\" class=\"collapseomatic_content \">\n<p>Alexa R. Porrata actualmente ejerce como la Coordinadora de Registros para el departamento de Conservaci\u00f3n en el Museo de Arte de Filadelfia. Obtuvo una Maestr\u00eda en Ciencias y Tecnolog\u00edas de la Informaci\u00f3n con especializaci\u00f3n en Bibliotecolog\u00eda de la Universidad de Puerto Rico, recinto de R\u00edo Piedras. Complet\u00f3 su Bachillerato en Humanidades con \u00e9nfasis en Historia del Arte en la misma instituci\u00f3n. Reci\u00e9n graduada, tuvo la oportunidad de participar en un internado en la Biblioteca Thomas J. Watson del Museo Metropolitano de Arte de Nueva York. Adicionalmente, ha ejercido como Asistente de Archivo en el Museo de Arte Contempor\u00e1neo de Puerto Rico y en el Museo de Historia, Antropolog\u00eda y Arte de la Universidad de Puerto Rico.<\/p>\n<\/div>\n<span class=\"collapseomatic \" id=\"id3664\"  tabindex=\"0\" title=\"Diana V\u00e1zquez\">Diana V\u00e1zquez<\/span><div id=\"target-id3664\" class=\"collapseomatic_content \">\n<p>Diana V\u00e1zquez obtuvo una Maestr\u00eda en Bibliotecolog\u00eda y Ciencias de la Informaci\u00f3n en el Pratt Institute de Nueva York York. Su experiencia como responsable en pr\u00e1cticas de la catalogaci\u00f3n de la colecci\u00f3n de literatura infantil del Hudson River Museum despert\u00f3 su inter\u00e9s por la historia del libro, los libros raros y las colecciones especiales. Adem\u00e1s, se gradu\u00f3 en Humanidades, especialidad de Historia del Arte, en la State University of Albany y ha completado un curso intensivo en Papel como evidencia bibliogr\u00e1fica en Rare Book School en Charlottesville, Virginia.<\/p>\n<\/div>\n<span class=\"collapseomatic \" id=\"id244\"  tabindex=\"0\" title=\"Mackenzie (Mack) Zalin\">Mackenzie (Mack) Zalin<\/span><div id=\"target-id244\" class=\"collapseomatic_content \">\n<\/div>\n<h3>Base de datos y sitio web<\/h3>\n<p><b>Julia Weist<\/b>, asesora de metadatos<br \/>\n<b>Sophie Byerley<\/b>, desarrolladora web<br \/>\n<b>M+V<\/b>, dise\u00f1o<br \/>\npowered by\u00a0<b><a href=\"http:\/\/www.collectiveaccess.org\" target=\"_blank\" rel=\"noopener\">CollectiveAccess<\/a><\/b><\/p>\n<p><span style=\"color: #ffffff;\">.<\/span><\/p>\n<p><span style=\"color: #ffffff;\">.<\/span><\/p>\n<p><span style=\"color: #ffffff;\">.<\/span><\/p>\n<p><span style=\"color: #ffffff;\">.<\/span><\/p>\n<p><span style=\"color: #ffffff;\">.<\/span><\/p>\n<p><span style=\"color: #ffffff;\">.<\/span><\/p>\n<p><span style=\"color: #ffffff;\">.<\/span><\/p>\n<p><span style=\"color: #ffffff;\">.<\/span><\/p>\n<p><span style=\"color: #ffffff;\">.<\/span><\/p>\n<p><span style=\"color: #ffffff;\">.<\/span><\/p>\n<p><span style=\"color: #ffffff;\">.<\/span><\/p>\n<p><span style=\"color: #ffffff;\">.<\/span><\/p>\n<p><span style=\"color: #ffffff;\">.<\/span><\/p>\n<p><span style=\"color: #ffffff;\">.<\/span><\/p>\n<p><span style=\"color: #ffffff;\">.<\/span><\/p>\n<p><span style=\"color: #ffffff;\">.<\/span><\/p>\n<p><span style=\"color: #ffffff;\">.<\/span><\/p>\n<p><span style=\"color: #ffffff;\">.<\/span><\/p>\n<p><span style=\"color: #ffffff;\">.<\/span><\/p>\n<p><span style=\"color: #ffffff;\">.<\/span><\/p>\n<p><span style=\"color: #ffffff;\">.<\/span><\/p>\n<p><span style=\"color: #ffffff;\">.<\/span><\/p>\n<p><span style=\"color: #ffffff;\">.<\/span><\/p>\n<p><span style=\"color: #ffffff;\">.<\/span><\/p>\n<p><span style=\"color: #ffffff;\">.<\/span><\/p>\n<p><span style=\"color: #ffffff;\">.<\/span><\/p>\n<\/div>","protected":false},"excerpt":{"rendered":"<p>(Haga clic en los nombres para ver sus datos profesionales.) Directora Contribuidores y colaboradores Equipo Base de datos y sitio web Julia Weist, asesora de metadatos Sophie Byerley, desarrolladora web M+V, dise\u00f1o powered by\u00a0CollectiveAccess . . . . . . . . . . . . . . . . . . . . . &hellip; <a href=\"https:\/\/www.comediassueltasusa.org\/es\/contributors-and-team\/\" class=\"more-link\">Continue reading <span class=\"screen-reader-text\">Contribuidores y equipo<\/span><\/a><\/p>\n","protected":false},"author":1,"featured_media":0,"parent":0,"menu_order":9,"comment_status":"closed","ping_status":"closed","template":"","meta":{"_acf_changed":false,"footnotes":""},"class_list":["post-539","page","type-page","status-publish","hentry"],"acf":[],"jetpack_shortlink":"https:\/\/wp.me\/P6RdQj-8H","jetpack_sharing_enabled":true,"_links":{"self":[{"href":"https:\/\/www.comediassueltasusa.org\/es\/wp-json\/wp\/v2\/pages\/539","targetHints":{"allow":["GET"]}}],"collection":[{"href":"https:\/\/www.comediassueltasusa.org\/es\/wp-json\/wp\/v2\/pages"}],"about":[{"href":"https:\/\/www.comediassueltasusa.org\/es\/wp-json\/wp\/v2\/types\/page"}],"author":[{"embeddable":true,"href":"https:\/\/www.comediassueltasusa.org\/es\/wp-json\/wp\/v2\/users\/1"}],"replies":[{"embeddable":true,"href":"https:\/\/www.comediassueltasusa.org\/es\/wp-json\/wp\/v2\/comments?post=539"}],"version-history":[{"count":60,"href":"https:\/\/www.comediassueltasusa.org\/es\/wp-json\/wp\/v2\/pages\/539\/revisions"}],"predecessor-version":[{"id":1048,"href":"https:\/\/www.comediassueltasusa.org\/es\/wp-json\/wp\/v2\/pages\/539\/revisions\/1048"}],"wp:attachment":[{"href":"https:\/\/www.comediassueltasusa.org\/es\/wp-json\/wp\/v2\/media?parent=539"}],"curies":[{"name":"wp","href":"https:\/\/api.w.org\/{rel}","templated":true}]}}