{"id":521,"date":"2016-06-15T14:50:48","date_gmt":"2016-06-15T14:50:48","guid":{"rendered":"http:\/\/pnf.whirl-i-gig.com\/wp\/?page_id=521"},"modified":"2026-01-30T16:53:33","modified_gmt":"2026-01-30T16:53:33","slug":"about-2","status":"publish","type":"page","link":"https:\/\/www.comediassueltasusa.org\/es\/about-2\/","title":{"rendered":"Sobre este sitio web"},"content":{"rendered":"Este sitio web ofrece un conjunto de recursos para el estudio de las comedias sueltas, obras teatrales publicadas en ediciones baratas de pliego suelto, desde el siglo XVII hasta el primer tercio del siglo XIX. Se dirige a investigadores interesados en estudiar el teatro espa\u00f1ol del Siglo de Oro y del siglo XVIII, as\u00ed como la historia del libro y de la imprenta en la Pen\u00ednsula Ib\u00e9rica antes de su mecanizaci\u00f3n en el siglo XIX.<\/p>\n<p>El centro neur\u00e1lgico de esta web es la base de datos de comedias sueltas impresas antes de 1834 y albergadas en bibliotecas acad\u00e9micas y de investigaci\u00f3n en Estados Unidos. Se trata de un cat\u00e1logo colectivo digital al que se le ir\u00e1n a\u00f1adiendo nuevos registros con regularidad. La meta es localizar todos los ejemplares conocidos de comedias sueltas en las grandes bibliotecas y tambi\u00e9n en colecciones m\u00e1s peque\u00f1as. Los registros bibliogr\u00e1ficos que generosamente nos han proporcionado las instituciones representadas en la base de datos se ir\u00e1n mejorando paulatinamente con datos adicionales pocas veces rastreados por los catalogadores de bibliotecas, por ejemplo, campos de datos dedicados a impresores, editores y libreros, t\u00edtulos de partida, formato, reclamos, procedencia y la presencia de ornamentos tipogr\u00e1ficos. Adem\u00e1s, los registros incluyen, cuando est\u00e1n disponibles, im\u00e1genes de alta resoluci\u00f3n de primeras y \u00faltimas p\u00e1ginas para que los investigadores puedan comprobar que los registros corresponden a las copias concretas que les interesa localizar y estudiar.<\/p>\n<p>Adem\u00e1s de la base de datos principal, este sitio web incluye los siguientes recursos:<\/p>\n<ul>\n<li>una base de datos de <a href=\"\/es\/ornaments\/\">ornamentos tipogr\u00e1ficos<\/a> como herramienta para potencialmente identificar datos de publicaci\u00f3n cuando una suelta carece de pie de imprenta y para estudiar las pr\u00e1cticas tipogr\u00e1ficas de impresores concretos. Dado que el desarrollo del software para catalogar ornamentos se encuentra en su fase inicial, este recurso por el momento es m\u00e1s bien una meta que una realidad;<\/li>\n<li>registros de autoridades para <a href=\"\/es\/lists\/playwrights\/\">autores, traductores y adaptadores<\/a> y para <a href=\"\/es\/lists\/printers\/\">impresores, editores y libreros<\/a>.<\/li>\n<li>una bibliograf\u00eda que incluye tres categor\u00edas de publicaciones (A) fuentes generales bibliogr\u00e1ficas de literatura siempre que tengan informaci\u00f3n relacionada con ediciones de comedias sueltas, (B) estudios enfocados en comedias sueltas espec\u00edficas o grupos de ellas (o sea colecciones), (C) obras sobre impresores o historias de la imprenta de \u00fatil referencia para el estudio de las comedias sueltas;<\/li>\n<li>una <a href=\"\/es\/lists\/us-catalogs\/\">lista de cat\u00e1logos impresos<\/a> de sueltas en bibliotecas norteamericanas que sirve para recordarnos lo que exist\u00eda antes de herramientas como esta base de datos;<\/li>\n<li>una <a href=\"\/collection\/index.php\/Search\/collections\/search\/*\/lang\/es_ES\">lista de instituciones<\/a> cuyas colecciones se incluyen en la base de datos, con un mapa y otra informaci\u00f3n localizadora, adem\u00e1s de enlaces al conjunto de registros de cada instituci\u00f3n y enlaces a sus propios cat\u00e1logos en l\u00ednea;<\/li>\n<li>una colecci\u00f3n creciente de <a href=\"\/es\/essays\/\">breves ensayos por reconocidas autoridades<\/a> sobre diversos aspectos del campo de las comedias sueltas;<\/li>\n<li>un <em>blog<\/em> peri\u00f3dicamente actualizado (\u201c<a href=\"\/es\/news\/\">ZARZUELA<\/a>\u201d) que anuncia importantes adiciones a la base de datos a medida que vaya creciendo y otras noticias importantes relacionadas con esta \u00e1rea de investigaci\u00f3n (por ejemplo, conferencias y publicaciones).<\/li>\n<\/ul>\n<p>El \u00edmpetu tras este proyecto ha sido el reconocimiento de la dificultad de localizar comedias sueltas en los cat\u00e1logos en l\u00ednea de las bibliotecas acad\u00e9micas y de investigaci\u00f3n. El estudio de este corpus de publicaciones, el cual constituye una dimensi\u00f3n importante de la historia editorial en Espa\u00f1a, nos presenta grandes retos cuando hay que buscar las sueltas por autor, uno por uno. Las \u201cb\u00fasquedas avanzadas\u201d en los t\u00edpicos cat\u00e1logos en l\u00ednea sirven poco cuando las sueltas carecen de fecha y resulta complicado hacer una b\u00fasqueda por impresor o librero cuando los registros carecen de campos dedicados a ese fin. Pocas veces se rastrean en los registros bibliogr\u00e1ficos rasgos como la presencia de ornamentos tipogr\u00e1ficos o ilustraciones xilogr\u00e1ficas.<\/p>\n<p>En resumidas cuentas, la \u00fanica soluci\u00f3n era crear un portal digital especializado donde el investigador supiera que todos los objetos catalogados son comedias sueltas impresas antes de 1834.<\/p>\n<p>Esperamos que este recurso digital permita que los investigadores localicen ejemplares de otra manera dif\u00edciles de encontrar y que pueda contribuir al avance del estudio de este campo tan digno de atenci\u00f3n.","protected":false},"excerpt":{"rendered":"<p>Este sitio web ofrece un conjunto de recursos para el estudio de las comedias sueltas, obras teatrales publicadas en ediciones baratas de pliego suelto, desde el siglo XVII hasta el primer tercio del siglo XIX. Se dirige a investigadores interesados en estudiar el teatro espa\u00f1ol del Siglo de Oro y del siglo XVIII, as\u00ed como &hellip; <a href=\"https:\/\/www.comediassueltasusa.org\/es\/about-2\/\" class=\"more-link\">Continue reading <span class=\"screen-reader-text\">Sobre este sitio web<\/span><\/a><\/p>\n","protected":false},"author":1,"featured_media":0,"parent":0,"menu_order":7,"comment_status":"closed","ping_status":"closed","template":"","meta":{"_acf_changed":false,"footnotes":""},"class_list":["post-521","page","type-page","status-publish","hentry"],"acf":[],"jetpack_shortlink":"https:\/\/wp.me\/P6RdQj-8p","jetpack_sharing_enabled":true,"_links":{"self":[{"href":"https:\/\/www.comediassueltasusa.org\/es\/wp-json\/wp\/v2\/pages\/521","targetHints":{"allow":["GET"]}}],"collection":[{"href":"https:\/\/www.comediassueltasusa.org\/es\/wp-json\/wp\/v2\/pages"}],"about":[{"href":"https:\/\/www.comediassueltasusa.org\/es\/wp-json\/wp\/v2\/types\/page"}],"author":[{"embeddable":true,"href":"https:\/\/www.comediassueltasusa.org\/es\/wp-json\/wp\/v2\/users\/1"}],"replies":[{"embeddable":true,"href":"https:\/\/www.comediassueltasusa.org\/es\/wp-json\/wp\/v2\/comments?post=521"}],"version-history":[{"count":33,"href":"https:\/\/www.comediassueltasusa.org\/es\/wp-json\/wp\/v2\/pages\/521\/revisions"}],"predecessor-version":[{"id":1458,"href":"https:\/\/www.comediassueltasusa.org\/es\/wp-json\/wp\/v2\/pages\/521\/revisions\/1458"}],"wp:attachment":[{"href":"https:\/\/www.comediassueltasusa.org\/es\/wp-json\/wp\/v2\/media?parent=521"}],"curies":[{"name":"wp","href":"https:\/\/api.w.org\/{rel}","templated":true}]}}